{"id":1469,"date":"2026-02-10T03:31:53","date_gmt":"2026-02-10T07:31:53","guid":{"rendered":"https:\/\/jardindelamour.com\/product\/nube-del-amor-rosa\/"},"modified":"2026-02-19T05:14:13","modified_gmt":"2026-02-19T09:14:13","slug":"nube-del-amor-rosa","status":"publish","type":"product","link":"https:\/\/jardindelamour.com\/es\/product\/nube-del-amor-rosa\/","title":{"rendered":"Pink Love Cloud"},"content":{"rendered":"<p>Delicado, voluminoso e irresistiblemente rom\u00e1ntico \u2014 <strong>Pink Love<\/strong> Cloud es una oda a la suavidad y la elegancia. Compuesta \u00edntegramente por hortensias rosas premium, esta disposici\u00f3n crea una silueta exuberante y nubosa, rebosante de textura y gracia. Presentado en una elegante caja redonda para sombreros, est\u00e1 dise\u00f1ado para hacer una declaraci\u00f3n sin decir una palabra.  <\/p>\n","protected":false},"excerpt":{"rendered":"<p>Delicado, voluminoso e irresistiblemente rom\u00e1ntico \u2014 Pink Love Cloud es una oda a la suavidad y la elegancia. Compuesta \u00edntegramente por hortensias rosas premium, esta disposici\u00f3n crea una silueta exuberante y nubosa, rebosante de textura y gracia. Presentado en una elegante caja redonda para sombreros, est\u00e1 dise\u00f1ado para hacer una declaraci\u00f3n sin decir una palabra.<\/p>\n","protected":false},"featured_media":1679,"comment_status":"open","ping_status":"closed","template":"","meta":[],"product_brand":[],"product_cat":[142,205],"product_tag":[],"class_list":{"0":"post-1469","1":"product","2":"type-product","3":"status-publish","4":"has-post-thumbnail","6":"product_cat-coleccion-de-san-valentin","7":"product_cat-dia-de-la-mujer","9":"first","10":"instock","11":"taxable","12":"shipping-taxable","13":"purchasable","14":"product-type-variable","15":"has-default-attributes","16":"rtwpvs-product"},"aioseo_notices":[],"_links":{"self":[{"href":"https:\/\/jardindelamour.com\/es\/wp-json\/wp\/v2\/product\/1469","targetHints":{"allow":["GET"]}}],"collection":[{"href":"https:\/\/jardindelamour.com\/es\/wp-json\/wp\/v2\/product"}],"about":[{"href":"https:\/\/jardindelamour.com\/es\/wp-json\/wp\/v2\/types\/product"}],"replies":[{"embeddable":true,"href":"https:\/\/jardindelamour.com\/es\/wp-json\/wp\/v2\/comments?post=1469"}],"wp:featuredmedia":[{"embeddable":true,"href":"https:\/\/jardindelamour.com\/es\/wp-json\/wp\/v2\/media\/1679"}],"wp:attachment":[{"href":"https:\/\/jardindelamour.com\/es\/wp-json\/wp\/v2\/media?parent=1469"}],"wp:term":[{"taxonomy":"product_brand","embeddable":true,"href":"https:\/\/jardindelamour.com\/es\/wp-json\/wp\/v2\/product_brand?post=1469"},{"taxonomy":"product_cat","embeddable":true,"href":"https:\/\/jardindelamour.com\/es\/wp-json\/wp\/v2\/product_cat?post=1469"},{"taxonomy":"product_tag","embeddable":true,"href":"https:\/\/jardindelamour.com\/es\/wp-json\/wp\/v2\/product_tag?post=1469"}],"curies":[{"name":"wp","href":"https:\/\/api.w.org\/{rel}","templated":true}]}}