{"id":1397,"date":"2026-02-10T03:27:01","date_gmt":"2026-02-10T07:27:01","guid":{"rendered":"https:\/\/jardindelamour.com\/product\/nube-de-amor-azure\/"},"modified":"2026-02-19T05:14:51","modified_gmt":"2026-02-19T09:14:51","slug":"nube-de-amor-azure","status":"publish","type":"product","link":"https:\/\/jardindelamour.com\/es\/product\/nube-de-amor-azure\/","title":{"rendered":"Azure Love Cloud"},"content":{"rendered":"<p>Suave, sereno y sin esfuerzo de elegancia, <strong>Azure Love<\/strong> Cloud es una expresi\u00f3n po\u00e9tica de calma y devoci\u00f3n. Este lujoso arreglo presenta una abundante mezcla de hortensias azul celeste y blancas cremosas, meticulosamente compuestas para crear una silueta completa, similar a una nube, con un movimiento y profundidad gr\u00e1ciles. <\/p>\n","protected":false},"excerpt":{"rendered":"<p>Suave, sereno y sin esfuerzo de elegancia, Azure Love Cloud es una expresi\u00f3n po\u00e9tica de calma y devoci\u00f3n. Este lujoso arreglo presenta una abundante mezcla de hortensias azul celeste y blancas cremosas, meticulosamente compuestas para crear una silueta completa, similar a una nube, con un movimiento y profundidad gr\u00e1ciles.<\/p>\n","protected":false},"featured_media":1681,"comment_status":"open","ping_status":"closed","template":"","meta":[],"product_brand":[],"product_cat":[142,205],"product_tag":[],"class_list":{"0":"post-1397","1":"product","2":"type-product","3":"status-publish","4":"has-post-thumbnail","6":"product_cat-coleccion-de-san-valentin","7":"product_cat-dia-de-la-mujer","9":"first","10":"instock","11":"taxable","12":"shipping-taxable","13":"purchasable","14":"product-type-variable","15":"has-default-attributes","16":"rtwpvs-product"},"aioseo_notices":[],"_links":{"self":[{"href":"https:\/\/jardindelamour.com\/es\/wp-json\/wp\/v2\/product\/1397","targetHints":{"allow":["GET"]}}],"collection":[{"href":"https:\/\/jardindelamour.com\/es\/wp-json\/wp\/v2\/product"}],"about":[{"href":"https:\/\/jardindelamour.com\/es\/wp-json\/wp\/v2\/types\/product"}],"replies":[{"embeddable":true,"href":"https:\/\/jardindelamour.com\/es\/wp-json\/wp\/v2\/comments?post=1397"}],"wp:featuredmedia":[{"embeddable":true,"href":"https:\/\/jardindelamour.com\/es\/wp-json\/wp\/v2\/media\/1681"}],"wp:attachment":[{"href":"https:\/\/jardindelamour.com\/es\/wp-json\/wp\/v2\/media?parent=1397"}],"wp:term":[{"taxonomy":"product_brand","embeddable":true,"href":"https:\/\/jardindelamour.com\/es\/wp-json\/wp\/v2\/product_brand?post=1397"},{"taxonomy":"product_cat","embeddable":true,"href":"https:\/\/jardindelamour.com\/es\/wp-json\/wp\/v2\/product_cat?post=1397"},{"taxonomy":"product_tag","embeddable":true,"href":"https:\/\/jardindelamour.com\/es\/wp-json\/wp\/v2\/product_tag?post=1397"}],"curies":[{"name":"wp","href":"https:\/\/api.w.org\/{rel}","templated":true}]}}