{"id":1369,"date":"2026-02-10T03:16:31","date_gmt":"2026-02-10T07:16:31","guid":{"rendered":"https:\/\/jardindelamour.com\/product\/el-ramo-de-amor-caracteristico\/"},"modified":"2026-02-19T05:15:22","modified_gmt":"2026-02-19T09:15:22","slug":"el-ramo-de-amor-caracteristico","status":"publish","type":"product","link":"https:\/\/jardindelamour.com\/es\/product\/el-ramo-de-amor-caracteristico\/","title":{"rendered":"The Signature Love Bouquet"},"content":{"rendered":"<p>Una expresi\u00f3n impactante de romance atemporal, <strong>Signature Love Bouquet<\/strong> combina rosas rojas aterciopeladas con flores de marfil luminosas en una composici\u00f3n audaz y perfectamente lujosa. Este ramo est\u00e1 dise\u00f1ado para captar la atenci\u00f3n: apasionado pero refinado, dram\u00e1tico pero impecablemente equilibrado. <\/p>\n","protected":false},"excerpt":{"rendered":"<p>Una expresi\u00f3n impactante de romance atemporal, Signature Love Bouquet combina rosas rojas aterciopeladas con flores de marfil luminosas en una composici\u00f3n audaz y perfectamente lujosa. Este ramo est\u00e1 dise\u00f1ado para captar la atenci\u00f3n: apasionado pero refinado, dram\u00e1tico pero impecablemente equilibrado.<\/p>\n","protected":false},"featured_media":1370,"comment_status":"open","ping_status":"closed","template":"","meta":[],"product_brand":[],"product_cat":[142,205],"product_tag":[],"class_list":{"0":"post-1369","1":"product","2":"type-product","3":"status-publish","4":"has-post-thumbnail","6":"product_cat-coleccion-de-san-valentin","7":"product_cat-dia-de-la-mujer","9":"first","10":"instock","11":"featured","12":"taxable","13":"shipping-taxable","14":"purchasable","15":"product-type-variable","16":"has-default-attributes","17":"rtwpvs-product"},"aioseo_notices":[],"_links":{"self":[{"href":"https:\/\/jardindelamour.com\/es\/wp-json\/wp\/v2\/product\/1369","targetHints":{"allow":["GET"]}}],"collection":[{"href":"https:\/\/jardindelamour.com\/es\/wp-json\/wp\/v2\/product"}],"about":[{"href":"https:\/\/jardindelamour.com\/es\/wp-json\/wp\/v2\/types\/product"}],"replies":[{"embeddable":true,"href":"https:\/\/jardindelamour.com\/es\/wp-json\/wp\/v2\/comments?post=1369"}],"wp:featuredmedia":[{"embeddable":true,"href":"https:\/\/jardindelamour.com\/es\/wp-json\/wp\/v2\/media\/1370"}],"wp:attachment":[{"href":"https:\/\/jardindelamour.com\/es\/wp-json\/wp\/v2\/media?parent=1369"}],"wp:term":[{"taxonomy":"product_brand","embeddable":true,"href":"https:\/\/jardindelamour.com\/es\/wp-json\/wp\/v2\/product_brand?post=1369"},{"taxonomy":"product_cat","embeddable":true,"href":"https:\/\/jardindelamour.com\/es\/wp-json\/wp\/v2\/product_cat?post=1369"},{"taxonomy":"product_tag","embeddable":true,"href":"https:\/\/jardindelamour.com\/es\/wp-json\/wp\/v2\/product_tag?post=1369"}],"curies":[{"name":"wp","href":"https:\/\/api.w.org\/{rel}","templated":true}]}}