{"id":1313,"date":"2026-02-10T03:15:02","date_gmt":"2026-02-10T07:15:02","guid":{"rendered":"https:\/\/jardindelamour.com\/product\/maison-rose\/"},"modified":"2026-02-19T05:15:32","modified_gmt":"2026-02-19T09:15:32","slug":"maison-rose","status":"publish","type":"product","link":"https:\/\/jardindelamour.com\/es\/product\/maison-rose\/","title":{"rendered":"Maison Ros\u00e9"},"content":{"rendered":"<p>Suave, rom\u00e1ntica e indudablemente elegante, <strong>Maison Ros\u00e9<\/strong> es una celebraci\u00f3n de la delicada belleza y la refinada artesan\u00eda. Este lujoso ramo presenta una armoniosa mezcla de rosas color rosa rubor y color marfil cremoso, cuidadosamente dispuestas para crear una silueta completa, similar a una nube. <\/p>\n","protected":false},"excerpt":{"rendered":"<p>Suave, rom\u00e1ntica e indudablemente elegante, Maison Ros\u00e9 es una celebraci\u00f3n de la delicada belleza y la refinada artesan\u00eda. Este lujoso ramo presenta una armoniosa mezcla de rosas color rosa rubor y color marfil cremoso, cuidadosamente dispuestas para crear una silueta completa, similar a una nube.<\/p>\n","protected":false},"featured_media":1683,"comment_status":"open","ping_status":"closed","template":"","meta":[],"product_brand":[],"product_cat":[142,205],"product_tag":[],"class_list":{"0":"post-1313","1":"product","2":"type-product","3":"status-publish","4":"has-post-thumbnail","6":"product_cat-coleccion-de-san-valentin","7":"product_cat-dia-de-la-mujer","9":"first","10":"instock","11":"featured","12":"taxable","13":"shipping-taxable","14":"purchasable","15":"product-type-variable","16":"has-default-attributes","17":"rtwpvs-product"},"aioseo_notices":[],"_links":{"self":[{"href":"https:\/\/jardindelamour.com\/es\/wp-json\/wp\/v2\/product\/1313","targetHints":{"allow":["GET"]}}],"collection":[{"href":"https:\/\/jardindelamour.com\/es\/wp-json\/wp\/v2\/product"}],"about":[{"href":"https:\/\/jardindelamour.com\/es\/wp-json\/wp\/v2\/types\/product"}],"replies":[{"embeddable":true,"href":"https:\/\/jardindelamour.com\/es\/wp-json\/wp\/v2\/comments?post=1313"}],"wp:featuredmedia":[{"embeddable":true,"href":"https:\/\/jardindelamour.com\/es\/wp-json\/wp\/v2\/media\/1683"}],"wp:attachment":[{"href":"https:\/\/jardindelamour.com\/es\/wp-json\/wp\/v2\/media?parent=1313"}],"wp:term":[{"taxonomy":"product_brand","embeddable":true,"href":"https:\/\/jardindelamour.com\/es\/wp-json\/wp\/v2\/product_brand?post=1313"},{"taxonomy":"product_cat","embeddable":true,"href":"https:\/\/jardindelamour.com\/es\/wp-json\/wp\/v2\/product_cat?post=1313"},{"taxonomy":"product_tag","embeddable":true,"href":"https:\/\/jardindelamour.com\/es\/wp-json\/wp\/v2\/product_tag?post=1313"}],"curies":[{"name":"wp","href":"https:\/\/api.w.org\/{rel}","templated":true}]}}