{"id":1287,"date":"2026-02-10T03:12:49","date_gmt":"2026-02-10T07:12:49","guid":{"rendered":"https:\/\/jardindelamour.com\/product\/love-majeste\/"},"modified":"2026-02-19T05:15:50","modified_gmt":"2026-02-19T09:15:50","slug":"love-majeste","status":"publish","type":"product","link":"https:\/\/jardindelamour.com\/es\/product\/love-majeste\/","title":{"rendered":"Love Majest\u00e9"},"content":{"rendered":"<p>Una poderosa expresi\u00f3n de devoci\u00f3n, <strong>Love Majest\u00e9<\/strong> est\u00e1 dise\u00f1ada para no dejar ninguna duda. Este extraordinario ramo presenta una opulenta colecci\u00f3n de rosas rojas premium, meticulosamente dispuestas en una silueta perfectamente completa y dominante que encarna la pasi\u00f3n, la confianza y el deseo. <\/p>\n","protected":false},"excerpt":{"rendered":"<p>Una poderosa expresi\u00f3n de devoci\u00f3n, Love Majest\u00e9 est\u00e1 dise\u00f1ada para no dejar ninguna duda. Este extraordinario ramo presenta una opulenta colecci\u00f3n de rosas rojas premium, meticulosamente dispuestas en una silueta perfectamente completa y dominante que encarna la pasi\u00f3n, la confianza y el deseo.<\/p>\n","protected":false},"featured_media":1685,"comment_status":"open","ping_status":"closed","template":"","meta":[],"product_brand":[],"product_cat":[142,205],"product_tag":[],"class_list":{"0":"post-1287","1":"product","2":"type-product","3":"status-publish","4":"has-post-thumbnail","6":"product_cat-coleccion-de-san-valentin","7":"product_cat-dia-de-la-mujer","9":"first","10":"instock","11":"featured","12":"taxable","13":"shipping-taxable","14":"purchasable","15":"product-type-variable","16":"has-default-attributes","17":"rtwpvs-product"},"aioseo_notices":[],"_links":{"self":[{"href":"https:\/\/jardindelamour.com\/es\/wp-json\/wp\/v2\/product\/1287","targetHints":{"allow":["GET"]}}],"collection":[{"href":"https:\/\/jardindelamour.com\/es\/wp-json\/wp\/v2\/product"}],"about":[{"href":"https:\/\/jardindelamour.com\/es\/wp-json\/wp\/v2\/types\/product"}],"replies":[{"embeddable":true,"href":"https:\/\/jardindelamour.com\/es\/wp-json\/wp\/v2\/comments?post=1287"}],"wp:featuredmedia":[{"embeddable":true,"href":"https:\/\/jardindelamour.com\/es\/wp-json\/wp\/v2\/media\/1685"}],"wp:attachment":[{"href":"https:\/\/jardindelamour.com\/es\/wp-json\/wp\/v2\/media?parent=1287"}],"wp:term":[{"taxonomy":"product_brand","embeddable":true,"href":"https:\/\/jardindelamour.com\/es\/wp-json\/wp\/v2\/product_brand?post=1287"},{"taxonomy":"product_cat","embeddable":true,"href":"https:\/\/jardindelamour.com\/es\/wp-json\/wp\/v2\/product_cat?post=1287"},{"taxonomy":"product_tag","embeddable":true,"href":"https:\/\/jardindelamour.com\/es\/wp-json\/wp\/v2\/product_tag?post=1287"}],"curies":[{"name":"wp","href":"https:\/\/api.w.org\/{rel}","templated":true}]}}