{"id":1259,"date":"2026-02-09T08:50:52","date_gmt":"2026-02-09T12:50:52","guid":{"rendered":"https:\/\/jardindelamour.com\/product\/caja-de-lujo-blush-ivory-rose\/"},"modified":"2026-02-19T05:15:47","modified_gmt":"2026-02-19T09:15:47","slug":"caja-de-lujo-blush-ivory-rose","status":"publish","type":"product","link":"https:\/\/jardindelamour.com\/es\/product\/caja-de-lujo-blush-ivory-rose\/","title":{"rendered":"Blush &amp; Ivory Ros\u00e9 Luxury Box"},"content":{"rendered":"<p><span style=\"font-weight: 400;\">Una armon\u00eda rom\u00e1ntica de suaves rosas color rubor y rosas marfil cremosas, la <\/span><b>Caja de Lujo Ros\u00e9 de Rubor &amp; Marfil<\/b><span style=\"font-weight: 400;\"> est\u00e1 dise\u00f1ada para evocar elegancia, calidez y belleza atemporal. Cada rosa est\u00e1 cuidadosamente seleccionada y colocada con arte para crear una composici\u00f3n exuberante y perfectamente redondeada que resulta a la vez alegre y refinada.<\/span><\/p>\n","protected":false},"excerpt":{"rendered":"<p>Una armon\u00eda rom\u00e1ntica de suaves rosas color rubor y rosas marfil cremosas, la Caja de Lujo Ros\u00e9 de Rubor &amp; Marfil est\u00e1 dise\u00f1ada para evocar elegancia, calidez y belleza atemporal. Cada rosa est\u00e1 cuidadosamente seleccionada y colocada con arte para crear una composici\u00f3n exuberante y perfectamente redondeada que resulta a la vez alegre y refinada.<\/p>\n","protected":false},"featured_media":1688,"comment_status":"open","ping_status":"closed","template":"","meta":[],"product_brand":[],"product_cat":[142,205],"product_tag":[],"class_list":{"0":"post-1259","1":"product","2":"type-product","3":"status-publish","4":"has-post-thumbnail","6":"product_cat-coleccion-de-san-valentin","7":"product_cat-dia-de-la-mujer","9":"first","10":"instock","11":"taxable","12":"shipping-taxable","13":"purchasable","14":"product-type-variable","15":"rtwpvs-product"},"aioseo_notices":[],"_links":{"self":[{"href":"https:\/\/jardindelamour.com\/es\/wp-json\/wp\/v2\/product\/1259","targetHints":{"allow":["GET"]}}],"collection":[{"href":"https:\/\/jardindelamour.com\/es\/wp-json\/wp\/v2\/product"}],"about":[{"href":"https:\/\/jardindelamour.com\/es\/wp-json\/wp\/v2\/types\/product"}],"replies":[{"embeddable":true,"href":"https:\/\/jardindelamour.com\/es\/wp-json\/wp\/v2\/comments?post=1259"}],"wp:featuredmedia":[{"embeddable":true,"href":"https:\/\/jardindelamour.com\/es\/wp-json\/wp\/v2\/media\/1688"}],"wp:attachment":[{"href":"https:\/\/jardindelamour.com\/es\/wp-json\/wp\/v2\/media?parent=1259"}],"wp:term":[{"taxonomy":"product_brand","embeddable":true,"href":"https:\/\/jardindelamour.com\/es\/wp-json\/wp\/v2\/product_brand?post=1259"},{"taxonomy":"product_cat","embeddable":true,"href":"https:\/\/jardindelamour.com\/es\/wp-json\/wp\/v2\/product_cat?post=1259"},{"taxonomy":"product_tag","embeddable":true,"href":"https:\/\/jardindelamour.com\/es\/wp-json\/wp\/v2\/product_tag?post=1259"}],"curies":[{"name":"wp","href":"https:\/\/api.w.org\/{rel}","templated":true}]}}