{"id":1197,"date":"2026-02-09T08:20:10","date_gmt":"2026-02-09T12:20:10","guid":{"rendered":"https:\/\/jardindelamour.com\/product\/sinfonia-rouge-amour\/"},"modified":"2026-02-19T05:18:22","modified_gmt":"2026-02-19T09:18:22","slug":"sinfonia-rouge-amour","status":"publish","type":"product","link":"https:\/\/jardindelamour.com\/es\/product\/sinfonia-rouge-amour\/","title":{"rendered":"Rouge Amour Symphony"},"content":{"rendered":"<p>Una composici\u00f3n inolvidable de pasi\u00f3n y suavidad, la <b>Sinfon\u00eda Rouge Amour<\/b> presenta una exquisita mezcla de rojo aterciopelado, delicado rubor y rosas marfil cremosas. Elaborado a mano a la perfecci\u00f3n, este ramo captura la esencia del romance, la confianza y la elegancia atemporal. <\/p>\n","protected":false},"excerpt":{"rendered":"<p>Una composici\u00f3n inolvidable de pasi\u00f3n y suavidad, la Sinfon\u00eda Rouge Amour presenta una exquisita mezcla de rojo aterciopelado, delicado rubor y rosas marfil cremosas. Elaborado a mano a la perfecci\u00f3n, este ramo captura la esencia del romance, la confianza y la elegancia atemporal.<\/p>\n","protected":false},"featured_media":1199,"comment_status":"open","ping_status":"closed","template":"","meta":[],"product_brand":[],"product_cat":[142,205],"product_tag":[],"class_list":{"0":"post-1197","1":"product","2":"type-product","3":"status-publish","4":"has-post-thumbnail","6":"product_cat-coleccion-de-san-valentin","7":"product_cat-dia-de-la-mujer","9":"first","10":"instock","11":"featured","12":"taxable","13":"shipping-taxable","14":"purchasable","15":"product-type-variable","16":"has-default-attributes","17":"rtwpvs-product"},"aioseo_notices":[],"_links":{"self":[{"href":"https:\/\/jardindelamour.com\/es\/wp-json\/wp\/v2\/product\/1197","targetHints":{"allow":["GET"]}}],"collection":[{"href":"https:\/\/jardindelamour.com\/es\/wp-json\/wp\/v2\/product"}],"about":[{"href":"https:\/\/jardindelamour.com\/es\/wp-json\/wp\/v2\/types\/product"}],"replies":[{"embeddable":true,"href":"https:\/\/jardindelamour.com\/es\/wp-json\/wp\/v2\/comments?post=1197"}],"wp:featuredmedia":[{"embeddable":true,"href":"https:\/\/jardindelamour.com\/es\/wp-json\/wp\/v2\/media\/1199"}],"wp:attachment":[{"href":"https:\/\/jardindelamour.com\/es\/wp-json\/wp\/v2\/media?parent=1197"}],"wp:term":[{"taxonomy":"product_brand","embeddable":true,"href":"https:\/\/jardindelamour.com\/es\/wp-json\/wp\/v2\/product_brand?post=1197"},{"taxonomy":"product_cat","embeddable":true,"href":"https:\/\/jardindelamour.com\/es\/wp-json\/wp\/v2\/product_cat?post=1197"},{"taxonomy":"product_tag","embeddable":true,"href":"https:\/\/jardindelamour.com\/es\/wp-json\/wp\/v2\/product_tag?post=1197"}],"curies":[{"name":"wp","href":"https:\/\/api.w.org\/{rel}","templated":true}]}}