{"id":1587,"date":"2026-02-02T09:51:37","date_gmt":"2026-02-02T13:51:37","guid":{"rendered":"https:\/\/jardindelamour.com\/cuidado-floral\/"},"modified":"2026-02-13T09:36:41","modified_gmt":"2026-02-13T13:36:41","slug":"cuidado-floral","status":"publish","type":"page","link":"https:\/\/jardindelamour.com\/es\/cuidado-floral\/","title":{"rendered":"Cuidado floral"},"content":{"rendered":"\n<p>Para asegurarnos de que puedas disfrutar al m\u00e1ximo de tus flores, hemos creado esta gu\u00eda de cuidados llena de consejos \u00fatiles e informaci\u00f3n interesante. Haz clic abajo en el\/los art\u00edculo(s) relevantes para tu compra o regalo. <\/p>\n\n<div class=\"wp-block-group has-global-padding is-layout-constrained wp-block-group-is-layout-constrained\">\n<figure class=\"wp-block-image alignright size-full is-resized\"><img loading=\"lazy\" decoding=\"async\" width=\"512\" height=\"617\" src=\"https:\/\/jardindelamour.com\/wp-content\/uploads\/2026\/02\/Flower-3-1.png\" alt=\"\" class=\"wp-image-425\" style=\"aspect-ratio:3\/4;object-fit:cover;width:442px\" srcset=\"https:\/\/jardindelamour.com\/wp-content\/uploads\/2026\/02\/Flower-3-1.png 512w, https:\/\/jardindelamour.com\/wp-content\/uploads\/2026\/02\/Flower-3-1-249x300.png 249w\" sizes=\"auto, (max-width: 512px) 100vw, 512px\" \/><\/figure>\n\n\n\n<h2 class=\"wp-block-heading\">Flores cortadas y ramos atados a mano<\/h2>\n\n\n\n<p><strong>C\u00f3mo cuidar tus flores cortadas y ramos atados a mano  <\/strong><\/p>\n\n\n\n<p>Prepara un jarr\u00f3n limpio: Utiliza un jarr\u00f3n completamente limpio lleno de agua a temperatura ambiente. Mezcla la comida floral Neill Strain Floral Couture, siguiendo las instrucciones del saquito. Esto ayuda a nutrir tus flores y mantiene alejadas las bacterias.  <\/p>\n\n\n\n<p>Desenvolve y organiza: Quita el embalaje del regalo para que las flores respiren. Si tu ramo est\u00e1 atado a mano y quieres mantenerlo organizado seg\u00fan el dise\u00f1o, no cortes el cord\u00f3n de atadura alrededor de los tallos.   <\/p>\n\n\n\n<p>Recorta los tallos: Corta unos 2,5 cm (1 pulgada) de la parte inferior de cada tallo en una inclinaci\u00f3n usando un cuchillo o tijeras afiladas. Aseg\u00farate de que no haya hojas por debajo de la l\u00ednea de flotaci\u00f3n, ya que pueden provocar el crecimiento de bacterias.   <\/p>\n\n\n\n<p>Coloca y coloca: Coloca las flores en el jarr\u00f3n y luego col\u00f3calo en un lugar fresco, alejado de la luz solar directa, radiadores y aire acondicionado. Evita colocarlo cerca de frutos maduros, ya que libera gas etileno que puede acortar la vida de las flores. Cuida tus flores: Retira cualquier flor marchita o hoja ca\u00edda del agua. Recarga con agua limpia cada d\u00eda si hace falta. Para obtener mejores resultados, cambia el agua, a\u00f1ade alimento para las flores y vuelve a recortar los tallos cada 3 d\u00edas.    <\/p>\n\n\n\n<p>Notas importantes:<\/p>\n\n\n\n<ul class=\"wp-block-list\">\n<li>Las flores, el follaje y las bayas son solo decorativos. Mant\u00e9nlos alejados de los ni\u00f1os y las mascotas. <\/li>\n\n\n\n<li>Utiliza una alfombra protectora bajo el jarr\u00f3n para evitar da\u00f1os por agua en las superficies.<\/li>\n\n\n\n<li>Elimina el polen de las flores a medida que florecen para evitar manchas.<\/li>\n\n\n\n<li>No consumas alimentos para flores.<\/li>\n<\/ul>\n<\/div>\n\n<div class=\"wp-block-group has-global-padding is-layout-constrained wp-block-group-is-layout-constrained\">\n<figure class=\"wp-block-image alignright size-full\"><img decoding=\"async\" src=\"https:\/\/jardindelamour.com\/wp-content\/uploads\/2026\/02\/flowers-1.png\" alt=\"\" class=\"wp-image-429\" style=\"aspect-ratio:3\/4;object-fit:cover\"\/><\/figure>\n\n\n\n<h2 class=\"wp-block-heading\">Arreglos florales<\/h2>\n\n\n\n<p><strong>C\u00f3mo cuidar tus arreglos florales<\/strong><\/p>\n\n\n\n<p>Mantente hidratado: Rellena el jarr\u00f3n o recipiente con agua limpia a temperatura ambiente y a\u00f1ade alimento para flores a diario. La espuma floral puede secarse r\u00e1pido, as\u00ed que vierte agua despacio para evitar desbordamientos. <\/p>\n\n\n\n<p>Mantenimiento diario: Retira cualquier flor marchita para que el arreglo parezca fresco.<\/p>\n\n\n\n<p>Lugar y posici\u00f3n: Mant\u00e9n tu disposici\u00f3n en un lugar fresco, alejado de la luz solar directa, radiadores y aire acondicionado. Evita colocar frutos cerca de la fase madura, ya que el gas etileno puede acortar la vida de las flores. <\/p>\n\n\n\n<p>Renovar las flores: A medida que algunas flores se marchiten, considera a\u00f1adir flores frescas para rellenar los huecos y prolongar la vida \u00fatil de tu exposici\u00f3n.<\/p>\n\n\n\n<p>Notas importantes:<\/p>\n\n\n\n<ul class=\"wp-block-list\">\n<li>Las flores, el follaje y las bayas son solo decorativos. Mant\u00e9nlos alejados de los ni\u00f1os y las mascotas. <\/li>\n\n\n\n<li>Utiliza una alfombra protectora bajo el jarr\u00f3n para evitar da\u00f1os por agua en las superficies.<\/li>\n\n\n\n<li>Elimina el polen de las flores a medida que florecen para evitar manchas.<\/li>\n\n\n\n<li>No consumas alimentos para flores.<\/li>\n<\/ul>\n<\/div>\n","protected":false},"excerpt":{"rendered":"<p>Para asegurarnos de que puedas disfrutar al m\u00e1ximo de tus flores, hemos creado esta gu\u00eda de cuidados llena de consejos \u00fatiles e informaci\u00f3n interesante. Haz clic abajo en el\/los art\u00edculo(s) relevantes para tu compra o regalo. Flores cortadas y ramos atados a mano C\u00f3mo cuidar tus flores cortadas y ramos atados a mano Prepara un [&hellip;]<\/p>\n","protected":false},"author":1,"featured_media":0,"parent":0,"menu_order":0,"comment_status":"closed","ping_status":"closed","template":"no-title","meta":{"footnotes":""},"class_list":["post-1587","page","type-page","status-publish","hentry"],"aioseo_notices":[],"_hostinger_reach_plugin_has_subscription_block":false,"_hostinger_reach_plugin_is_elementor":false,"_links":{"self":[{"href":"https:\/\/jardindelamour.com\/es\/wp-json\/wp\/v2\/pages\/1587","targetHints":{"allow":["GET"]}}],"collection":[{"href":"https:\/\/jardindelamour.com\/es\/wp-json\/wp\/v2\/pages"}],"about":[{"href":"https:\/\/jardindelamour.com\/es\/wp-json\/wp\/v2\/types\/page"}],"author":[{"embeddable":true,"href":"https:\/\/jardindelamour.com\/es\/wp-json\/wp\/v2\/users\/1"}],"replies":[{"embeddable":true,"href":"https:\/\/jardindelamour.com\/es\/wp-json\/wp\/v2\/comments?post=1587"}],"version-history":[{"count":1,"href":"https:\/\/jardindelamour.com\/es\/wp-json\/wp\/v2\/pages\/1587\/revisions"}],"predecessor-version":[{"id":1588,"href":"https:\/\/jardindelamour.com\/es\/wp-json\/wp\/v2\/pages\/1587\/revisions\/1588"}],"wp:attachment":[{"href":"https:\/\/jardindelamour.com\/es\/wp-json\/wp\/v2\/media?parent=1587"}],"curies":[{"name":"wp","href":"https:\/\/api.w.org\/{rel}","templated":true}]}}