{"id":1579,"date":"2026-01-07T06:52:17","date_gmt":"2026-01-07T10:52:17","guid":{"rendered":"https:\/\/jardindelamour.com\/sostenibilidad\/"},"modified":"2026-02-13T09:35:23","modified_gmt":"2026-02-13T13:35:23","slug":"sostenibilidad","status":"publish","type":"page","link":"https:\/\/jardindelamour.com\/es\/sostenibilidad\/","title":{"rendered":"Sostenibilidad"},"content":{"rendered":"\n<p>En <strong>Jardin de L&#8217;Amour<\/strong>, todo nuestro equipo comparte una profunda pasi\u00f3n por la naturaleza y las exquisitas flores que ofrece tan hermosamente. Somos muy conscientes de los desaf\u00edos clim\u00e1ticos globales que enfrenta nuestro planeta y seguimos comprometidos a minimizar nuestro impacto ambiental siempre que sea posible. <\/p>\n\n<p>Nos esforzamos por apoyar un futuro m\u00e1s saludable y sostenible trabajando exclusivamente con productores y proveedores que mantienen pr\u00e1cticas responsables y respetuosas con el medio ambiente. A trav\u00e9s de una b\u00fasqueda cuidadosa y un dise\u00f1o cuidadoso, nuestro objetivo es honrar la belleza de la naturaleza mientras ayudamos a protegerla para las generaciones venideras. <\/p>\n\n<div class=\"wp-block-group has-global-padding is-layout-constrained wp-block-group-is-layout-constrained\">\n<figure class=\"wp-block-image alignright size-full is-resized\"><img loading=\"lazy\" decoding=\"async\" width=\"512\" height=\"617\" src=\"https:\/\/jardindelamour.com\/wp-content\/uploads\/2026\/02\/Flower-3.png\" alt=\"\" class=\"wp-image-419\" style=\"width:386px;height:auto\" srcset=\"https:\/\/jardindelamour.com\/wp-content\/uploads\/2026\/02\/Flower-3.png 512w, https:\/\/jardindelamour.com\/wp-content\/uploads\/2026\/02\/Flower-3-249x300.png 249w\" sizes=\"auto, (max-width: 512px) 100vw, 512px\" \/><\/figure>\n\n\n\n<h2 class=\"wp-block-heading\">Nuestro objetivo a 5 a\u00f1os<\/h2>\n\n\n\n<p>En <strong>Jardin de L&#8217;Amour<\/strong>, creemos que el verdadero lujo honra tanto la belleza como la responsabilidad. Durante los pr\u00f3ximos cinco a\u00f1os, nuestro objetivo es liderar con el ejemplo creando obras maestras florales que sean tan amables con el planeta como cautivadoras para los sentidos.   <\/p>\n\n\n\n<p>Estamos comprometidos con:  <\/p>\n\n\n\n<ul class=\"wp-block-list\">\n<li>Minimizar el desperdicio en todas las \u00e1reas de nuestro negocio  <\/li>\n\n\n\n<li>Colaborar con productores que comparten nuestros valores de sostenibilidad  <\/li>\n\n\n\n<li>Reducir nuestra huella de carbono  <\/li>\n\n\n\n<li>Fomentando la reutilizaci\u00f3n y la longevidad del dise\u00f1o reflexivo  <\/li>\n\n\n\n<li>Educar tanto a nuestro equipo como a nuestros clientes sobre pr\u00e1cticas florales conscientes  <\/li>\n<\/ul>\n\n\n\n<p>Para <strong>2030<\/strong> , aspiramos a ser una de las marcas florales m\u00e1s conscientes del medio ambiente que operen al m\u00e1s alto nivel de lujo, demostrando que la elegancia y la \u00e9tica pueden crecer de la mano.<\/p>\n<\/div>\n","protected":false},"excerpt":{"rendered":"<p>En Jardin de L&#8217;Amour, todo nuestro equipo comparte una profunda pasi\u00f3n por la naturaleza y las exquisitas flores que ofrece tan hermosamente. Somos muy conscientes de los desaf\u00edos clim\u00e1ticos globales que enfrenta nuestro planeta y seguimos comprometidos a minimizar nuestro impacto ambiental siempre que sea posible. Nos esforzamos por apoyar un futuro m\u00e1s saludable y [&hellip;]<\/p>\n","protected":false},"author":1,"featured_media":0,"parent":0,"menu_order":0,"comment_status":"closed","ping_status":"closed","template":"no-title","meta":{"footnotes":""},"class_list":["post-1579","page","type-page","status-publish","hentry"],"aioseo_notices":[],"_hostinger_reach_plugin_has_subscription_block":false,"_hostinger_reach_plugin_is_elementor":false,"_links":{"self":[{"href":"https:\/\/jardindelamour.com\/es\/wp-json\/wp\/v2\/pages\/1579","targetHints":{"allow":["GET"]}}],"collection":[{"href":"https:\/\/jardindelamour.com\/es\/wp-json\/wp\/v2\/pages"}],"about":[{"href":"https:\/\/jardindelamour.com\/es\/wp-json\/wp\/v2\/types\/page"}],"author":[{"embeddable":true,"href":"https:\/\/jardindelamour.com\/es\/wp-json\/wp\/v2\/users\/1"}],"replies":[{"embeddable":true,"href":"https:\/\/jardindelamour.com\/es\/wp-json\/wp\/v2\/comments?post=1579"}],"version-history":[{"count":1,"href":"https:\/\/jardindelamour.com\/es\/wp-json\/wp\/v2\/pages\/1579\/revisions"}],"predecessor-version":[{"id":1580,"href":"https:\/\/jardindelamour.com\/es\/wp-json\/wp\/v2\/pages\/1579\/revisions\/1580"}],"wp:attachment":[{"href":"https:\/\/jardindelamour.com\/es\/wp-json\/wp\/v2\/media?parent=1579"}],"curies":[{"name":"wp","href":"https:\/\/api.w.org\/{rel}","templated":true}]}}