{"id":1575,"date":"2026-01-07T06:50:38","date_gmt":"2026-01-07T10:50:38","guid":{"rendered":"https:\/\/jardindelamour.com\/entrega\/"},"modified":"2026-02-13T09:36:41","modified_gmt":"2026-02-13T13:36:41","slug":"entrega","status":"publish","type":"page","link":"https:\/\/jardindelamour.com\/es\/entrega\/","title":{"rendered":"Entrega"},"content":{"rendered":"\n<div class=\"wp-block-group has-global-padding is-layout-constrained wp-block-group-is-layout-constrained\">\n<h2 class=\"wp-block-heading\">ENTREGAS LOCALES<\/h2>\n\n\n\n<p>Las tarifas de entrega se calculan en funci\u00f3n de la direcci\u00f3n de entrega y se mostrar\u00e1n durante la compra.<\/p>\n<\/div>\n\n<div class=\"wp-block-group has-global-padding is-layout-constrained wp-block-group-is-layout-constrained\">\n<h2 class=\"wp-block-heading\">SOLICITUDES DE PLAZOS ESPEC\u00cdFICOS DE ENTREGA<\/h2>\n\n\n\n<p>Debido a factores como el tr\u00e1fico y las condiciones meteorol\u00f3gicas en <strong>el sur de Florida<\/strong> , no podemos garantizar la entrega en una hora exacta.  <\/p>\n\n\n\n<p>Sin embargo, puedes solicitar un plazo de entrega preferido a\u00f1adiendo instrucciones en la <strong>casilla de instrucciones especiales<\/strong> al finalizar la compra. Siempre haremos todo lo posible para atender tu solicitud.   <\/p>\n\n\n\n<p>Tambi\u00e9n puedes llamar a nuestra boutique al <strong>+1 (786) 241-9014<\/strong> y un miembro del equipo estar\u00e1 encantado de ayudarte.<\/p>\n<\/div>\n\n<div class=\"wp-block-group has-global-padding is-layout-constrained wp-block-group-is-layout-constrained\">\n<h2 class=\"wp-block-heading\">SI EL DESTINATARIO NO EST\u00c1 EN CASA<\/h2>\n\n\n\n<p>Si el destinatario no est\u00e1 en casa en el momento de la entrega, intentaremos ponernos en contacto contigo a menos que hayas proporcionado instrucciones espec\u00edficas de entrega.<\/p>\n\n\n\n<p>Si no podemos contactar con usted, podemos:<\/p>\n\n\n\n<ul class=\"wp-block-list\">\n<li>Deja la disposici\u00f3n en un lugar seguro y sombreado<\/li>\n\n\n\n<li>Deja las flores con un vecino o con el conserje del edificio<\/li>\n\n\n\n<li>Deja un aviso para que el destinatario se ponga en contacto con nosotros<\/li>\n<\/ul>\n\n\n\n<p>Jardin de L&#8217;Amour no se hace responsable de las flores dejadas en el lugar de entrega tras decisiones de entrega proporcionadas por el cliente o razonables.<\/p>\n<\/div>\n\n<div class=\"wp-block-group has-global-padding is-layout-constrained wp-block-group-is-layout-constrained\">\n<h2 class=\"wp-block-heading\">SE PUEDE CONTACTAR CON EL DESTINATARIO<\/h2>\n\n\n\n<p>Para asegurar la entrega exitosa, podemos contactar con el destinatario para confirmar la disponibilidad o verificar la direcci\u00f3n, salvo que nos indiquen que no lo hagamos en la casilla de instrucciones especiales durante el pago.<\/p>\n<\/div>\n\n<div class=\"wp-block-group has-global-padding is-layout-constrained wp-block-group-is-layout-constrained\">\n<h2 class=\"wp-block-heading\">CANCELACIONES<\/h2>\n\n\n\n<p>Todas las solicitudes de cancelaci\u00f3n deben realizarse <strong>al menos 24 horas antes de la fecha de entrega programada.<\/strong> <\/p>\n\n\n\n<p>Por favor, llame al <strong>+1 (786) 241-9014<\/strong> lo antes posible para recibir ayuda.  <\/p>\n\n\n\n<p>Los pedidos que ya hayan sido preparados o est\u00e9n en reparto no pueden ser cancelados.<\/p>\n<\/div>\n\n<div class=\"wp-block-group has-global-padding is-layout-constrained wp-block-group-is-layout-constrained\">\n<h2 class=\"wp-block-heading\">POL\u00cdTICA DE DEVOLUCI\u00d3N E INTERCAMBIO<\/h2>\n\n\n\n<p>Todas las ventas en Jardin de L&#8217;Amour son definitivas debido a la naturaleza perecedera de nuestros productos florales.  <\/p>\n\n\n\n<p>Gestionamos flores frescas y arreglos sensibles a la temperatura, la luz y el manejo. La \u00fanica excepci\u00f3n a nuestra pol\u00edtica de venta final es si tu pedido llega <strong>en estado da\u00f1ado o defectuoso<\/strong>. <\/p>\n\n\n\n<p><strong>Para informar de un problema:<\/strong><\/p>\n\n\n\n<ul class=\"wp-block-list\">\n<li>Las reclamaciones deben hacerse en un plazo <strong>de 24 horas<\/strong> desde la entrega<\/li>\n\n\n\n<li>Debe enviarse por correo electr\u00f3nico una foto clara del acuerdo <strong><a href=\"mailto:info@jardindelamour.com\">a info@jardindelamour.com<\/a><\/strong><\/li>\n\n\n\n<li>El acuerdo debe permanecer en su estado original para su revisi\u00f3n<\/li>\n<\/ul>\n\n\n\n<p>Siempre nos aseguramos de que estos intereses no prevalezcan sobre tus derechos y libertades.<\/p>\n<\/div>\n\n<div class=\"wp-block-group has-global-padding is-layout-constrained wp-block-group-is-layout-constrained\">\n<h2 class=\"wp-block-heading\">Cuidando tus flores<\/h2>\n\n\n\n<p>Cada arreglo de Jardin de L&#8217;Amour est\u00e1 elaborado con flores delicadas y premium que merecen un cuidado cuidadoso.  <\/p>\n\n\n\n<p>Para recibir orientaci\u00f3n detallada sobre c\u00f3mo preservar su belleza y frescura, te invitamos a visitar nuestra p\u00e1gina <strong><a href=\"https:\/\/jardindelamour.com\/es\/cuidado-floral\/\" data-type=\"page\" data-id=\"370\">de Gu\u00eda de Cuidados<\/a><\/strong> .<\/p>\n\n\n\n<p>Unos pocos pasos sencillos garantizar\u00e1n que tus flores sigan siendo elegantes y vibrantes durante el mayor tiempo posible.<\/p>\n<\/div>\n","protected":false},"excerpt":{"rendered":"<p>ENTREGAS LOCALES Las tarifas de entrega se calculan en funci\u00f3n de la direcci\u00f3n de entrega y se mostrar\u00e1n durante la compra. SOLICITUDES DE PLAZOS ESPEC\u00cdFICOS DE ENTREGA Debido a factores como el tr\u00e1fico y las condiciones meteorol\u00f3gicas en el sur de Florida , no podemos garantizar la entrega en una hora exacta. Sin embargo, puedes [&hellip;]<\/p>\n","protected":false},"author":1,"featured_media":0,"parent":0,"menu_order":0,"comment_status":"closed","ping_status":"closed","template":"no-title","meta":{"footnotes":""},"class_list":["post-1575","page","type-page","status-publish","hentry"],"aioseo_notices":[],"_hostinger_reach_plugin_has_subscription_block":false,"_hostinger_reach_plugin_is_elementor":false,"_links":{"self":[{"href":"https:\/\/jardindelamour.com\/es\/wp-json\/wp\/v2\/pages\/1575","targetHints":{"allow":["GET"]}}],"collection":[{"href":"https:\/\/jardindelamour.com\/es\/wp-json\/wp\/v2\/pages"}],"about":[{"href":"https:\/\/jardindelamour.com\/es\/wp-json\/wp\/v2\/types\/page"}],"author":[{"embeddable":true,"href":"https:\/\/jardindelamour.com\/es\/wp-json\/wp\/v2\/users\/1"}],"replies":[{"embeddable":true,"href":"https:\/\/jardindelamour.com\/es\/wp-json\/wp\/v2\/comments?post=1575"}],"version-history":[{"count":2,"href":"https:\/\/jardindelamour.com\/es\/wp-json\/wp\/v2\/pages\/1575\/revisions"}],"predecessor-version":[{"id":1589,"href":"https:\/\/jardindelamour.com\/es\/wp-json\/wp\/v2\/pages\/1575\/revisions\/1589"}],"wp:attachment":[{"href":"https:\/\/jardindelamour.com\/es\/wp-json\/wp\/v2\/media?parent=1575"}],"curies":[{"name":"wp","href":"https:\/\/api.w.org\/{rel}","templated":true}]}}