{"id":1571,"date":"2026-01-07T06:41:40","date_gmt":"2026-01-07T10:41:40","guid":{"rendered":"https:\/\/jardindelamour.com\/terminos\/"},"modified":"2026-02-13T09:34:18","modified_gmt":"2026-02-13T13:34:18","slug":"terminos","status":"publish","type":"page","link":"https:\/\/jardindelamour.com\/es\/terminos\/","title":{"rendered":"T\u00e9rminos"},"content":{"rendered":"\n<p>Al utilizar <strong>JardinDeLAmour.com<\/strong> (\u00abSitio Web\u00bb), aceptas los siguientes T\u00e9rminos de Uso. Podemos cambiar o actualizar estos t\u00e9rminos en cualquier momento, por lo que por favor revisa esta p\u00e1gina regularmente.   <\/p>\n\n<p><strong>Jardin de L&#8217;Amour<\/strong> te concede una licencia limitada, revocable, no exclusiva y no transferible para acceder y utilizar este sitio web, siempre que:  <\/p>\n\n<ol class=\"wp-block-list\">\n<li>Tu uso del sitio web es exclusivamente para tu uso personal y no comercial  <\/li>\n\n\n\n<li>No copiar\u00e1s ni distribuir\u00e1s ninguna parte del sitio web en ning\u00fan medio sin nuestra autorizaci\u00f3n previa por escrito  <\/li>\n\n\n\n<li>No modificar\u00e1s ni modificar\u00e1s ninguna parte del sitio web, incluyendo ning\u00fan contenido o material  <\/li>\n<\/ol>\n\n<p>Puedes copiar e imprimir electr\u00f3nicamente copias impresas de las p\u00e1ginas de este sitio web \u00fanicamente para fines personales y no comerciales relacionados con la realizaci\u00f3n de un pedido o el contrato con <strong>Jardin de L&#8217;Amour<\/strong> . Cualquier otro uso de este sitio web, incluyendo la reproducci\u00f3n o la vinculaci\u00f3n a internet, est\u00e1 estrictamente prohibido sin nuestro permiso previo por escrito. <\/p>\n\n<div class=\"wp-block-group has-global-padding is-layout-constrained wp-block-group-is-layout-constrained\">\n<h2 class=\"wp-block-heading\">Derecho aplicable<\/h2>\n\n\n\n<p>Al visitar este sitio web, aceptas que las leyes del <strong>Estado de Florida<\/strong> , sin tener en cuenta los principios de conflicto de leyes, regir\u00e1n estos T\u00e9rminos de Uso y cualquier disputa que pueda surgir entre t\u00fa y Jardin de L&#8217;Amour.<\/p>\n<\/div>\n\n<div class=\"wp-block-group has-global-padding is-layout-constrained wp-block-group-is-layout-constrained\">\n<h2 class=\"wp-block-heading\">Derechos de autor y marcas registradas<\/h2>\n\n\n\n<p>Jardin de L&#8217;Amour posee o tiene derechos sobre sus marcas registradas, marcas de servicio, nombres comerciales, dise\u00f1os, logotipos y otros elementos de marca utilizados en relaci\u00f3n con los productos y servicios comercializados en este sitio web.  <\/p>\n\n\n\n<p>No se puede hacer uso de ninguna marca registrada, marca de servicio, nombre comercial, dise\u00f1o, logotipo u otro elemento de marca de Jardin de L&#8217;Amour sin autorizaci\u00f3n previa por escrito, salvo para identificar productos o servicios de Jardin de L&#8217;Amour.  <\/p>\n\n\n\n<p>Salvo lo permitido por estos T\u00e9rminos, nada en este sitio web debe interpretarse como que concede ninguna licencia o derecho a utilizar cualquier marca registrada, derechos de autor o derechos de propiedad de Jardin de L&#8217;Amour.<\/p>\n<\/div>\n\n<div class=\"wp-block-group has-global-padding is-layout-constrained wp-block-group-is-layout-constrained\">\n<h2 class=\"wp-block-heading\">Renuncia a la responsabilidad<\/h2>\n\n\n\n<p>No hacemos ninguna declaraci\u00f3n ni garant\u00eda, expresa o impl\u00edcita, respecto a este sitio web.  <\/p>\n\n\n\n<p>En ning\u00fan <strong>caso Jardin de L&#8217;Amour<\/strong> , sus afiliados o terceros mencionados en este sitio web ser\u00e1n responsables de da\u00f1os directos, indirectos, incidentales, especiales, ejemplares, punitivos, consecuentes u otros derivados o relacionados con el uso de este sitio web.  <\/p>\n\n\n\n<p>No garantizamos que la informaci\u00f3n de este sitio web sea precisa, completa o actualizada. Esto incluye precios y disponibilidad. Nos reservamos el derecho de corregir errores, omisiones o actualizar informaci\u00f3n en cualquier momento sin previo aviso.    <\/p>\n\n\n\n<p>Reconoces que Jardin de L&#8217;Amour no se hace responsable de ninguna conducta difamatoria, ofensiva o ilegal de ning\u00fan tercero, y que el riesgo de da\u00f1o por dicho contenido recae enteramente en ti.  <\/p>\n\n\n\n<p>Tu \u00fanico remedio ante la insatisfacci\u00f3n con el sitio web o los servicios es dejar de utilizar el sitio web y\/o nuestros servicios.  <\/p>\n\n\n\n<p>En ning\u00fan caso, la responsabilidad total de Jardin de L&#8217;Amour hacia ti superar\u00e1 la cantidad que pagaste, si es que pagaste, por usar el sitio web o comprar nuestros productos.<\/p>\n<\/div>\n\n<div class=\"wp-block-group has-global-padding is-layout-constrained wp-block-group-is-layout-constrained\">\n<h2 class=\"wp-block-heading\">Compras<\/h2>\n\n\n\n<p>Al realizar una compra en nuestro sitio web, entiendes y aceptas que:  <\/p>\n\n\n\n<ul class=\"wp-block-list\">\n<li>Las sustituciones florales pueden ser necesarias debido a la estacionalidad, la disponibilidad u otras circunstancias incontrolables  <\/li>\n\n\n\n<li>Las sustituciones se mantendr\u00e1n dentro de la paleta de colores original y el estilo de dise\u00f1o general  <\/li>\n\n\n\n<li>Todas las sustituciones se realizan a discreci\u00f3n profesional del florista  <\/li>\n<\/ul>\n\n\n\n<p>Al completar una compra, tambi\u00e9n confirmas que:  <\/p>\n\n\n\n<ol class=\"wp-block-list\">\n<li>Toda la informaci\u00f3n proporcionada durante el pago o el registro de la cuenta es precisa y veraz  <\/li>\n\n\n\n<li>No crear\u00e1s una cuenta en nombre de otra persona ni usar\u00e1s la cuenta de otra persona  <\/li>\n<\/ol>\n\n\n\n<p>Eres responsable de toda la actividad en tu cuenta y debes mantener tu contrase\u00f1a confidencial. Debes notificarnos inmediatamente si la seguridad de tu cuenta se ve comprometida. Jardin de L&#8217;Amour no es responsable de las p\u00e9rdidas derivadas del uso no autorizado de la cuenta.  <\/p>\n<\/div>\n\n<div class=\"wp-block-group has-global-padding is-layout-constrained wp-block-group-is-layout-constrained\">\n<h2 class=\"wp-block-heading\">Impuestos sobre la moneda y las ventas<\/h2>\n\n\n\n<p>Todos los precios est\u00e1n listados en <strong>d\u00f3lares estadounidenses (USD).<\/strong> <\/p>\n\n\n\n<p>Solo aceptamos pagos en USD. Todas las compras est\u00e1n sujetas a <strong>los impuestos sobre las ventas aplicables en Florida<\/strong>. <\/p>\n<\/div>\n\n<div class=\"wp-block-group has-global-padding is-layout-constrained wp-block-group-is-layout-constrained\">\n<h2 class=\"wp-block-heading\">Cancelaciones<\/h2>\n\n\n\n<p>Una solicitud de cancelaci\u00f3n por escrito debe presentarse al menos <strong>24 horas antes de la hora prevista de entrega<\/strong>.  <\/p>\n\n\n\n<p>Los pedidos no pueden ser modificados ni cancelados una vez que han sido preparados o enviados para entrega.  <\/p>\n\n\n\n<p><strong>Todas las ventas son definitivas. No hay reembolsos. El cr\u00e9dito en la tienda puede emitirse a nuestra discreci\u00f3n.<\/strong> Por favor, revisa tu pedido detenidamente antes de enviarlo.<\/p>\n<\/div>\n\n<div class=\"wp-block-group has-global-padding is-layout-constrained wp-block-group-is-layout-constrained\">\n<h2 class=\"wp-block-heading\">Enlaces a otros sitios web<\/h2>\n\n\n\n<p>Este sitio web puede contener enlaces a sitios web de terceros. Jardin de L&#8217;Amour no respalda ni se hace responsable del contenido, pol\u00edticas o pr\u00e1cticas de ning\u00fan sitio web de terceros. <\/p>\n\n\n\n<p><\/p>\n<\/div>\n","protected":false},"excerpt":{"rendered":"<p>Al utilizar JardinDeLAmour.com (\u00abSitio Web\u00bb), aceptas los siguientes T\u00e9rminos de Uso. Podemos cambiar o actualizar estos t\u00e9rminos en cualquier momento, por lo que por favor revisa esta p\u00e1gina regularmente. Jardin de L&#8217;Amour te concede una licencia limitada, revocable, no exclusiva y no transferible para acceder y utilizar este sitio web, siempre que: Puedes copiar e [&hellip;]<\/p>\n","protected":false},"author":1,"featured_media":0,"parent":0,"menu_order":0,"comment_status":"closed","ping_status":"closed","template":"no-title","meta":{"footnotes":""},"class_list":["post-1571","page","type-page","status-publish","hentry"],"aioseo_notices":[],"_hostinger_reach_plugin_has_subscription_block":false,"_hostinger_reach_plugin_is_elementor":false,"_links":{"self":[{"href":"https:\/\/jardindelamour.com\/es\/wp-json\/wp\/v2\/pages\/1571","targetHints":{"allow":["GET"]}}],"collection":[{"href":"https:\/\/jardindelamour.com\/es\/wp-json\/wp\/v2\/pages"}],"about":[{"href":"https:\/\/jardindelamour.com\/es\/wp-json\/wp\/v2\/types\/page"}],"author":[{"embeddable":true,"href":"https:\/\/jardindelamour.com\/es\/wp-json\/wp\/v2\/users\/1"}],"replies":[{"embeddable":true,"href":"https:\/\/jardindelamour.com\/es\/wp-json\/wp\/v2\/comments?post=1571"}],"version-history":[{"count":1,"href":"https:\/\/jardindelamour.com\/es\/wp-json\/wp\/v2\/pages\/1571\/revisions"}],"predecessor-version":[{"id":1572,"href":"https:\/\/jardindelamour.com\/es\/wp-json\/wp\/v2\/pages\/1571\/revisions\/1572"}],"wp:attachment":[{"href":"https:\/\/jardindelamour.com\/es\/wp-json\/wp\/v2\/media?parent=1571"}],"curies":[{"name":"wp","href":"https:\/\/api.w.org\/{rel}","templated":true}]}}