{"id":1563,"date":"2025-11-24T10:29:25","date_gmt":"2025-11-24T14:29:25","guid":{"rendered":"https:\/\/jardindelamour.com\/contacto\/"},"modified":"2026-02-13T09:33:41","modified_gmt":"2026-02-13T13:33:41","slug":"contacto","status":"publish","type":"page","link":"https:\/\/jardindelamour.com\/es\/contacto\/","title":{"rendered":"Contacto"},"content":{"rendered":"\n<p>Enraizado en el vibrante esp\u00edritu de <strong>Miami, Florida, Jardin de L&#8217;Amour<\/strong> es un lugar de creaci\u00f3n, donde el arte floral cobra vida tras bambalinas. Aunque nuestro trabajo no se expone en una boutique tradicional de acceso sin cita, nuestro estudio es donde la imaginaci\u00f3n, la artesan\u00eda y la sensibilidad del dise\u00f1o europeo se unen para crear composiciones florales extraordinarias. <\/p>\n\n<div class=\"wp-block-group has-white-background-color has-background has-global-padding is-layout-constrained wp-container-core-group-is-layout-046ce600 wp-block-group-is-layout-constrained\" style=\"padding-top:var(--wp--preset--spacing--30);padding-right:var(--wp--preset--spacing--60);padding-bottom:var(--wp--preset--spacing--30);padding-left:var(--wp--preset--spacing--60)\">\n<h2 class=\"wp-block-heading has-text-align-center\">Cont\u00e1ctanos para tus consultas<\/h2>\n\n\n\n<div class=\"wp-block-columns alignwide are-vertically-aligned-center is-layout-flex wp-container-core-columns-is-layout-28f84493 wp-block-columns-is-layout-flex\">\n<div class=\"wp-block-column is-vertically-aligned-center is-layout-flow wp-block-column-is-layout-flow\" style=\"flex-basis:100%\"><style id=\"wpforms-css-vars-378-block-be2d0a3f-65e1-42df-80e1-4d84cb5fef9e\">\n\t\t\t\t#wpforms-378.wpforms-block-be2d0a3f-65e1-42df-80e1-4d84cb5fef9e {\n\t\t\t\t--wpforms-field-border-radius: 5px;\n--wpforms-button-background-color: #d9c586;\n--wpforms-field-border-style: none;\n--wpforms-field-border-size: 0px;\n--wpforms-field-size-input-height: 43px;\n--wpforms-field-size-input-spacing: 15px;\n--wpforms-field-size-font-size: 16px;\n--wpforms-field-size-line-height: 19px;\n--wpforms-field-size-padding-h: 14px;\n--wpforms-field-size-checkbox-size: 16px;\n--wpforms-field-size-sublabel-spacing: 5px;\n--wpforms-field-size-icon-size: 1;\n--wpforms-label-size-font-size: 16px;\n--wpforms-label-size-line-height: 19px;\n--wpforms-label-size-sublabel-font-size: 14px;\n--wpforms-label-size-sublabel-line-height: 17px;\n--wpforms-button-size-font-size: 17px;\n--wpforms-button-size-height: 41px;\n--wpforms-button-size-padding-h: 15px;\n--wpforms-button-size-margin-top: 10px;\n\t\t\t}\n\t\t\t<\/style><div class=\"wpforms-container wpforms-container-full wpforms-block wpforms-block-be2d0a3f-65e1-42df-80e1-4d84cb5fef9e wpforms-render-modern\" id=\"wpforms-378\"><form id=\"wpforms-form-378\" class=\"wpforms-validate wpforms-form wpforms-ajax-form\" data-formid=\"378\" method=\"post\" enctype=\"multipart\/form-data\" action=\"\/es\/wp-json\/wp\/v2\/pages\/1563\" data-token=\"77f85d5634bd7f22f35261bf414e0c34\" data-token-time=\"1776534434\"><noscript class=\"wpforms-error-noscript\">Por favor, activa JavaScript en tu navegador para completar este formulario.<\/noscript><div id=\"wpforms-error-noscript\" style=\"display: none;\">Por favor, activa JavaScript en tu navegador para completar este formulario.<\/div><div class=\"wpforms-field-container\"><div id=\"wpforms-378-field_1-container\" class=\"wpforms-field wpforms-field-name\" data-field-id=\"1\"><label class=\"wpforms-field-label\" for=\"wpforms-378-field_1\">Full name <span class=\"wpforms-required-label\" aria-hidden=\"true\">*<\/span><\/label><input type=\"text\" id=\"wpforms-378-field_1\" class=\"wpforms-field-medium wpforms-field-required\" name=\"wpforms[fields][1]\" placeholder=\"Enter your name\" aria-errormessage=\"wpforms-378-field_1-error\" required><\/div><div id=\"wpforms-378-field_2-container\" class=\"wpforms-field wpforms-field-email\" data-field-id=\"2\"><label class=\"wpforms-field-label\" for=\"wpforms-378-field_2\">Email <span class=\"wpforms-required-label\" aria-hidden=\"true\">*<\/span><\/label><input type=\"email\" id=\"wpforms-378-field_2\" class=\"wpforms-field-medium wpforms-field-required\" name=\"wpforms[fields][2]\" placeholder=\"Enter your email\" spellcheck=\"false\" aria-errormessage=\"wpforms-378-field_2-error\" required><\/div>\t\t<div id=\"wpforms-378-field_3-container\"\n\t\t\tclass=\"wpforms-field wpforms-field-text\"\n\t\t\tdata-field-type=\"text\"\n\t\t\tdata-field-id=\"3\"\n\t\t\t>\n\t\t\t<label class=\"wpforms-field-label\" for=\"wpforms-378-field_3\" >Full Numbers Inquiry<\/label>\n\t\t\t<input type=\"text\" id=\"wpforms-378-field_3\" class=\"wpforms-field-medium\" name=\"wpforms[fields][3]\" >\n\t\t<\/div>\n\t\t<div id=\"wpforms-378-field_10-container\" class=\"wpforms-field wpforms-field-text\" data-field-id=\"10\"><label class=\"wpforms-field-label\" for=\"wpforms-378-field_10\">Phone Numbers<\/label><input type=\"text\" id=\"wpforms-378-field_10\" class=\"wpforms-field-medium\" name=\"wpforms[fields][10]\" placeholder=\"Enter your phone\" aria-errormessage=\"wpforms-378-field_10-error\" ><\/div><div id=\"wpforms-378-field_9-container\" class=\"wpforms-field wpforms-field-text\" data-field-id=\"9\"><label class=\"wpforms-field-label\" for=\"wpforms-378-field_9\">Inquiry<\/label><input type=\"text\" id=\"wpforms-378-field_9\" class=\"wpforms-field-medium\" name=\"wpforms[fields][9]\" placeholder=\"Enter your inquiry\" aria-errormessage=\"wpforms-378-field_9-error\" ><\/div><script>\n\t\t\t\t( function() {\n\t\t\t\t\tconst style = document.createElement( 'style' );\n\t\t\t\t\tstyle.appendChild( document.createTextNode( '#wpforms-378-field_3-container { position: absolute !important; overflow: hidden !important; display: inline !important; height: 1px !important; width: 1px !important; z-index: -1000 !important; padding: 0 !important; } #wpforms-378-field_3-container input { visibility: hidden; } #wpforms-conversational-form-page #wpforms-378-field_3-container label { counter-increment: none; }' ) );\n\t\t\t\t\tdocument.head.appendChild( style );\n\t\t\t\t\tdocument.currentScript?.remove();\n\t\t\t\t} )();\n\t\t\t<\/script><\/div><!-- .wpforms-field-container --><div class=\"wpforms-submit-container\" ><input type=\"hidden\" name=\"wpforms[id]\" value=\"378\"><input type=\"hidden\" name=\"page_title\" value=\"\"><input type=\"hidden\" name=\"page_url\" value=\"https:\/\/jardindelamour.com\/es\/wp-json\/wp\/v2\/pages\/1563\"><input type=\"hidden\" name=\"url_referer\" value=\"\"><button type=\"submit\" name=\"wpforms[submit]\" id=\"wpforms-submit-378\" class=\"wpforms-submit\" data-alt-text=\"Sending...\" data-submit-text=\"Submit\" aria-live=\"assertive\" value=\"wpforms-submit\">Submit<\/button><img loading=\"lazy\" decoding=\"async\" src=\"https:\/\/jardindelamour.com\/wp-content\/plugins\/wpforms-lite\/assets\/images\/submit-spin.svg\" class=\"wpforms-submit-spinner\" style=\"display: none;\" width=\"26\" height=\"26\" alt=\"Cargando\"><\/div><\/form><\/div>  <!-- .wpforms-container --><\/div>\n\n\n\n<div class=\"wp-block-column is-vertically-aligned-center is-layout-flow wp-block-column-is-layout-flow\" style=\"flex-basis:50%\">\n<p>Puedes escribirnos a nuestra direcci\u00f3n de correo electr\u00f3nico o llamarnos al siguiente n\u00famero<\/p>\n\n\n\n<p>Tel\u00e9fono: <strong>+1 (786) 241-9014<\/strong> <br\/>Correo electr\u00f3nico: <a href=\"mailto:info@jardindelamour.com\"><strong>info@jardindelamour.com<\/strong><\/a><\/p>\n<\/div>\n<\/div>\n<\/div>\n\n<figure class=\"wp-block-image alignwide size-full\"><img loading=\"lazy\" decoding=\"async\" width=\"1540\" height=\"500\" src=\"https:\/\/jardindelamour.com\/wp-content\/uploads\/2026\/02\/Contact-us-New-image.jpg\" alt=\"\" class=\"wp-image-459\" srcset=\"https:\/\/jardindelamour.com\/wp-content\/uploads\/2026\/02\/Contact-us-New-image.jpg 1540w, https:\/\/jardindelamour.com\/wp-content\/uploads\/2026\/02\/Contact-us-New-image-300x97.jpg 300w, https:\/\/jardindelamour.com\/wp-content\/uploads\/2026\/02\/Contact-us-New-image-1024x332.jpg 1024w, https:\/\/jardindelamour.com\/wp-content\/uploads\/2026\/02\/Contact-us-New-image-768x249.jpg 768w, https:\/\/jardindelamour.com\/wp-content\/uploads\/2026\/02\/Contact-us-New-image-1536x499.jpg 1536w, https:\/\/jardindelamour.com\/wp-content\/uploads\/2026\/02\/Contact-us-New-image-600x195.jpg 600w\" sizes=\"auto, (max-width: 1540px) 100vw, 1540px\" \/><\/figure>\n","protected":false},"excerpt":{"rendered":"<p>Enraizado en el vibrante esp\u00edritu de Miami, Florida, Jardin de L&#8217;Amour es un lugar de creaci\u00f3n, donde el arte floral cobra vida tras bambalinas. Aunque nuestro trabajo no se expone en una boutique tradicional de acceso sin cita, nuestro estudio es donde la imaginaci\u00f3n, la artesan\u00eda y la sensibilidad del dise\u00f1o europeo se unen para [&hellip;]<\/p>\n","protected":false},"author":2,"featured_media":0,"parent":0,"menu_order":0,"comment_status":"closed","ping_status":"closed","template":"no-title","meta":{"footnotes":""},"class_list":["post-1563","page","type-page","status-publish","hentry"],"aioseo_notices":[],"_hostinger_reach_plugin_has_subscription_block":false,"_hostinger_reach_plugin_is_elementor":false,"_links":{"self":[{"href":"https:\/\/jardindelamour.com\/es\/wp-json\/wp\/v2\/pages\/1563","targetHints":{"allow":["GET"]}}],"collection":[{"href":"https:\/\/jardindelamour.com\/es\/wp-json\/wp\/v2\/pages"}],"about":[{"href":"https:\/\/jardindelamour.com\/es\/wp-json\/wp\/v2\/types\/page"}],"author":[{"embeddable":true,"href":"https:\/\/jardindelamour.com\/es\/wp-json\/wp\/v2\/users\/2"}],"replies":[{"embeddable":true,"href":"https:\/\/jardindelamour.com\/es\/wp-json\/wp\/v2\/comments?post=1563"}],"version-history":[{"count":1,"href":"https:\/\/jardindelamour.com\/es\/wp-json\/wp\/v2\/pages\/1563\/revisions"}],"predecessor-version":[{"id":1566,"href":"https:\/\/jardindelamour.com\/es\/wp-json\/wp\/v2\/pages\/1563\/revisions\/1566"}],"wp:attachment":[{"href":"https:\/\/jardindelamour.com\/es\/wp-json\/wp\/v2\/media?parent=1563"}],"curies":[{"name":"wp","href":"https:\/\/api.w.org\/{rel}","templated":true}]}}