{"id":1559,"date":"2025-11-24T10:25:17","date_gmt":"2025-11-24T14:25:17","guid":{"rendered":"https:\/\/jardindelamour.com\/sobre-nosotros\/"},"modified":"2026-02-13T09:33:02","modified_gmt":"2026-02-13T13:33:02","slug":"sobre-nosotros","status":"publish","type":"page","link":"https:\/\/jardindelamour.com\/es\/sobre-nosotros\/","title":{"rendered":"Sobre nosotros"},"content":{"rendered":"\n<figure class=\"wp-block-image alignright size-full is-resized\"><img loading=\"lazy\" decoding=\"async\" width=\"1024\" height=\"1024\" src=\"https:\/\/jardindelamour.com\/wp-content\/uploads\/2026\/02\/about-us-tulips.png\" alt=\"\" class=\"wp-image-439\" style=\"aspect-ratio:4\/3;object-fit:cover;width:500px\" srcset=\"https:\/\/jardindelamour.com\/wp-content\/uploads\/2026\/02\/about-us-tulips.png 1024w, https:\/\/jardindelamour.com\/wp-content\/uploads\/2026\/02\/about-us-tulips-300x300.png 300w, https:\/\/jardindelamour.com\/wp-content\/uploads\/2026\/02\/about-us-tulips-150x150.png 150w, https:\/\/jardindelamour.com\/wp-content\/uploads\/2026\/02\/about-us-tulips-768x768.png 768w, https:\/\/jardindelamour.com\/wp-content\/uploads\/2026\/02\/about-us-tulips-600x600.png 600w, https:\/\/jardindelamour.com\/wp-content\/uploads\/2026\/02\/about-us-tulips-100x100.png 100w\" sizes=\"auto, (max-width: 1024px) 100vw, 1024px\" \/><\/figure>\n\n<p>En <strong>Jardin de L&#8217;Amour<\/strong>, estamos dedicados a elevar la experiencia floral a una forma de arte. Nuestra filosof\u00eda es sencilla: no solo creamos arreglos, sino que creamos momentos inolvidables llenos de belleza, emoci\u00f3n y refinamiento.   <\/p>\n\n<p>Combinando flores con dise\u00f1o, creamos cada pieza como una historia de elegancia y gracia. Nuestra presentaci\u00f3n caracter\u00edstica refleja el mismo nivel de sofisticaci\u00f3n que las propias flores, estableciendo un est\u00e1ndar distintivo en regalos florales de lujo.   <\/p>\n\n<p>En el coraz\u00f3n de Jardin de L&#8217;Amour est\u00e1 nuestro talentoso equipo de dise\u00f1adores florales formados en Europa, cuyo arte, t\u00e9cnica y ojo para el detalle aportan un sentido atemporal del estilo a cada creaci\u00f3n. Su experiencia, combinada con una profunda pasi\u00f3n por la belleza de la naturaleza, nos permite dise\u00f1ar flores que resultan modernas y rom\u00e1nticas sin esfuerzo.   <\/p>\n\n<p>Lo que m\u00e1s nos inspira eres t\u00fa \u2014 nuestros clientes. Cada arreglo est\u00e1 pensado para celebrar tus momentos significativos, ya sea una gran celebraci\u00f3n o un gesto \u00edntimo de amor. Es un privilegio para nosotros formar parte de tu historia y expresar emociones a trav\u00e9s de las flores en su forma m\u00e1s exquisita.  <\/p>\n","protected":false},"excerpt":{"rendered":"<p>En Jardin de L&#8217;Amour, estamos dedicados a elevar la experiencia floral a una forma de arte. Nuestra filosof\u00eda es sencilla: no solo creamos arreglos, sino que creamos momentos inolvidables llenos de belleza, emoci\u00f3n y refinamiento. Combinando flores con dise\u00f1o, creamos cada pieza como una historia de elegancia y gracia. Nuestra presentaci\u00f3n caracter\u00edstica refleja el mismo [&hellip;]<\/p>\n","protected":false},"author":2,"featured_media":0,"parent":0,"menu_order":0,"comment_status":"closed","ping_status":"closed","template":"no-title","meta":{"footnotes":""},"class_list":["post-1559","page","type-page","status-publish","hentry"],"aioseo_notices":[],"_hostinger_reach_plugin_has_subscription_block":false,"_hostinger_reach_plugin_is_elementor":false,"_links":{"self":[{"href":"https:\/\/jardindelamour.com\/es\/wp-json\/wp\/v2\/pages\/1559","targetHints":{"allow":["GET"]}}],"collection":[{"href":"https:\/\/jardindelamour.com\/es\/wp-json\/wp\/v2\/pages"}],"about":[{"href":"https:\/\/jardindelamour.com\/es\/wp-json\/wp\/v2\/types\/page"}],"author":[{"embeddable":true,"href":"https:\/\/jardindelamour.com\/es\/wp-json\/wp\/v2\/users\/2"}],"replies":[{"embeddable":true,"href":"https:\/\/jardindelamour.com\/es\/wp-json\/wp\/v2\/comments?post=1559"}],"version-history":[{"count":1,"href":"https:\/\/jardindelamour.com\/es\/wp-json\/wp\/v2\/pages\/1559\/revisions"}],"predecessor-version":[{"id":1560,"href":"https:\/\/jardindelamour.com\/es\/wp-json\/wp\/v2\/pages\/1559\/revisions\/1560"}],"wp:attachment":[{"href":"https:\/\/jardindelamour.com\/es\/wp-json\/wp\/v2\/media?parent=1559"}],"curies":[{"name":"wp","href":"https:\/\/api.w.org\/{rel}","templated":true}]}}