{"id":1551,"date":"2025-11-05T02:58:24","date_gmt":"2025-11-05T06:58:24","guid":{"rendered":"https:\/\/jardindelamour.com\/politica-de-privacidad\/"},"modified":"2026-02-13T09:31:52","modified_gmt":"2026-02-13T13:31:52","slug":"politica-de-privacidad","status":"publish","type":"page","link":"https:\/\/jardindelamour.com\/es\/politica-de-privacidad\/","title":{"rendered":"Pol\u00edtica de privacidad"},"content":{"rendered":"\n<div class=\"wp-block-group has-global-padding is-layout-constrained wp-block-group-is-layout-constrained\">\n<h2 class=\"wp-block-heading\">1. Qui\u00e9nes somos<\/h2>\n\n\n\n<p>Este sitio web es gestionado por <strong>Jardin de L&#8217;Amour<\/strong>. En este Aviso de Privacidad, \u00abnosotros\u00bb, \u00abnosotros\u00bb o \u00abnuestro\u00bb se refiere a Jardin de L&#8217;Amour.   <\/p>\n\n\n\n<p>Estamos comprometidos a proteger tus datos personales y respetar tu privacidad. Esta pol\u00edtica explica qu\u00e9 datos personales recopilamos, c\u00f3mo los utilizamos y tus derechos respecto a esos datos.   <\/p>\n\n\n\n<p>A efectos legales, <strong>Jardin de L&#8217;Amour<\/strong> es el responsable de sus datos personales.  <\/p>\n\n\n\n<p>Puede contactarnos utilizando los detalles proporcionados en la Secci\u00f3n 10 a continuaci\u00f3n.<\/p>\n<\/div>\n\n<div class=\"wp-block-group has-global-padding is-layout-constrained wp-block-group-is-layout-constrained\">\n<h2 class=\"wp-block-heading\">2. \u00bfQu\u00e9 son los datos personales?<\/h2>\n\n\n\n<p>Los datos personales incluyen cualquier informaci\u00f3n relacionada con una persona viva que pueda identificarse a partir de esos datos (o de esos datos combinados con otra informaci\u00f3n en nuestra posesi\u00f3n). Esto incluye datos de contacto, informaci\u00f3n de entrega e im\u00e1genes como grabaciones de CCTV de nuestras instalaciones. <\/p>\n<\/div>\n\n<div class=\"wp-block-group has-global-padding is-layout-constrained wp-block-group-is-layout-constrained\">\n<h2 class=\"wp-block-heading\">3. \u00bfQu\u00e9 datos personales poseemos?<\/h2>\n\n\n\n<p>Recopilamos datos personales que nos proporcionas directamente, o que se proporcionan cuando alguien nos hace un pedido o te env\u00eda uno de nuestros productos.  <\/p>\n\n\n\n<p>Esto puede incluir:  <\/p>\n\n\n\n<ul class=\"wp-block-list\">\n<li>Nombres  <\/li>\n\n\n\n<li>Direcciones  <\/li>\n\n\n\n<li>Direcciones de correo electr\u00f3nico  <\/li>\n\n\n\n<li>N\u00fameros de tel\u00e9fono  <\/li>\n\n\n\n<li>Nombres de los destinatarios  <\/li>\n\n\n\n<li>Direcciones de entrega del destinatario  <\/li>\n\n\n\n<li>Direcciones de correo electr\u00f3nico de los destinatarios  <\/li>\n\n\n\n<li>N\u00fameros de tel\u00e9fono destinatarios  <\/li>\n\n\n\n<li>Im\u00e1genes de CCTV de nuestras instalaciones (por motivos de seguridad)  <\/li>\n\n\n\n<li>Direcciones de facturaci\u00f3n  <\/li>\n\n\n\n<li>Nombre en la tarjeta de pago ( <strong>no almacenamos n\u00fameros completos de tarjeta<\/strong> )<\/li>\n<\/ul>\n<\/div>\n\n<div class=\"wp-block-group has-global-padding is-layout-constrained wp-block-group-is-layout-constrained\">\n<h2 class=\"wp-block-heading\">4. Informaci\u00f3n que podamos recopilar de ti<\/h2>\n\n\n\n<h3 class=\"wp-block-heading\">Informaci\u00f3n que proporcionas  <\/h3>\n\n\n\n<p>Puedes proporcionarnos informaci\u00f3n mediante:  <\/p>\n\n\n\n<ul class=\"wp-block-list\">\n<li>Rellenar formularios en nuestra p\u00e1gina web  <\/li>\n\n\n\n<li>Realizaci\u00f3n de un pedido  <\/li>\n\n\n\n<li>Suscribirse a boletines o actualizaciones  <\/li>\n\n\n\n<li>Contactar con nosotros por tel\u00e9fono, correo electr\u00f3nico o redes sociales  <\/li>\n<\/ul>\n\n\n\n<p>Esta informaci\u00f3n puede incluir tu:  <\/p>\n\n\n\n<ul class=\"wp-block-list\">\n<li>Nombre  <\/li>\n\n\n\n<li>Direcci\u00f3n de correo electr\u00f3nico  <\/li>\n\n\n\n<li>Direcci\u00f3n postal  <\/li>\n\n\n\n<li>N\u00famero de tel\u00e9fono  <\/li>\n\n\n\n<li>Detalles de pago (procesados de forma segura por proveedores externos)  <\/li>\n<\/ul>\n\n\n\n<h3 class=\"wp-block-heading\">Informaci\u00f3n que recopilamos autom\u00e1ticamente  <\/h3>\n\n\n\n<p>Cuando visitas nuestra p\u00e1gina web, podemos recoger autom\u00e1ticamente:  <\/p>\n\n\n\n<ul class=\"wp-block-list\">\n<li>Direcci\u00f3n IP  <\/li>\n\n\n\n<li>Tipo y versi\u00f3n del navegador  <\/li>\n\n\n\n<li>Ajuste de zona horaria  <\/li>\n\n\n\n<li>Sistema operativo y plataforma  <\/li>\n\n\n\n<li>Datos de interacci\u00f3n del sitio web (p\u00e1ginas vistas, tiempo invertido, clics, rutas de navegaci\u00f3n)  <\/li>\n\n\n\n<li>Sitio web de referencia  <\/li>\n\n\n\n<li>Datos t\u00e9cnicos de diagn\u00f3stico para el rendimiento y la seguridad del sitio<\/li>\n<\/ul>\n<\/div>\n\n<div class=\"wp-block-group has-global-padding is-layout-constrained wp-block-group-is-layout-constrained\">\n<h2 class=\"wp-block-heading\">5. Fines para los cuales se utilizan los datos personales<\/h2>\n\n\n\n<p>Utilizamos tus datos personales para:  <\/p>\n\n\n\n<ul class=\"wp-block-list\">\n<li>Proporciona nuestros productos y servicios florales  <\/li>\n\n\n\n<li>Tramitar y entregar \u00f3rdenes  <\/li>\n\n\n\n<li>Mant\u00e9n un registro de tus compras  <\/li>\n\n\n\n<li>Env\u00eda comunicaciones de marketing (solo cuando hayas dado de vuelta)  <\/li>\n\n\n\n<li>Invitarte a eventos o promociones de Jardin de L&#8217;Amour  <\/li>\n\n\n\n<li>Gestionar los registros internos de negocio  <\/li>\n\n\n\n<li>Detectar y prevenir fraudes o delitos  <\/li>\n\n\n\n<li>Gestionar las solicitudes de atenci\u00f3n al cliente  <\/li>\n\n\n\n<li>Gestionar nuestro negocio de manera eficaz y segura<\/li>\n<\/ul>\n<\/div>\n\n<div class=\"wp-block-group has-global-padding is-layout-constrained wp-block-group-is-layout-constrained\">\n<h2 class=\"wp-block-heading\">6. Base legal para el uso de tus datos (intereses leg\u00edtimos)<\/h2>\n\n\n\n<p>Procesamos tus datos personales cuando sea necesario para nuestros leg\u00edtimos intereses comerciales, incluyendo:  <\/p>\n\n\n\n<ul class=\"wp-block-list\">\n<li>Gestionando un negocio de servicios florales y de regalos  <\/li>\n\n\n\n<li>Marketing y promoci\u00f3n de nuestros servicios  <\/li>\n\n\n\n<li>Prevenci\u00f3n del fraude y protecci\u00f3n de nuestro negocio  <\/li>\n\n\n\n<li>Entrega de productos que ya han sido pedidos  <\/li>\n<\/ul>\n\n\n\n<p>Siempre nos aseguramos de que estos intereses no prevalezcan sobre tus derechos y libertades.<\/p>\n<\/div>\n\n<div class=\"wp-block-group has-global-padding is-layout-constrained wp-block-group-is-layout-constrained\">\n<h2 class=\"wp-block-heading\">7. Divulgaci\u00f3n de datos personales a terceros<\/h2>\n\n\n\n<p>Podemos compartir tus datos con:  <\/p>\n\n\n\n<ul class=\"wp-block-list\">\n<li><strong>Proveedores de reparto<\/strong> para completar tu pedido  <\/li>\n\n\n\n<li><strong>Procesadores de pagos<\/strong> para gestionar transacciones de forma segura  <\/li>\n\n\n\n<li><strong>Proveedores de servicios de TI y sitios web<\/strong> para alojamiento y soporte t\u00e9cnico  <\/li>\n\n\n\n<li><strong>Proveedores de servicios de marketing<\/strong> (solo cuando est\u00e9 permitido)  <\/li>\n\n\n\n<li><strong>Las autoridades policiales o reguladoras<\/strong> cuando lo requiera la ley  <\/li>\n<\/ul>\n\n\n\n<p>Si pides un producto para otra persona, compartiremos los detalles necesarios de entrega con el destinatario.  <\/p>\n\n\n\n<p>No <strong>vendemos<\/strong> tus datos personales.<\/p>\n<\/div>\n\n<div class=\"wp-block-group has-global-padding is-layout-constrained wp-block-group-is-layout-constrained\">\n<h2 class=\"wp-block-heading\">8. Retenci\u00f3n de datos personales<\/h2>\n\n\n\n<p>Conservamos datos personales solo durante el tiempo necesario:  <\/p>\n\n\n\n<ul class=\"wp-block-list\">\n<li>Para cumplir con los fines establecidos en esta pol\u00edtica  <\/li>\n\n\n\n<li>Para cumplir con los requisitos legales y contables  <\/li>\n<\/ul>\n\n\n\n<p>Los datos de clientes relacionados con cuentas inactivas pueden eliminarse dos <strong>a\u00f1os<\/strong> desde el \u00faltimo pedido, salvo que sea necesario por razones legales o regulatorias.<\/p>\n<\/div>\n\n<div class=\"wp-block-group has-global-padding is-layout-constrained wp-block-group-is-layout-constrained\">\n<h2 class=\"wp-block-heading\">9. Tus derechos<\/h2>\n\n\n\n<p>Seg\u00fan las leyes de protecci\u00f3n de datos, tienes derecho a:  <\/p>\n\n\n\n<ul class=\"wp-block-list\">\n<li>Accede a tus datos personales  <\/li>\n\n\n\n<li>Datos correctos, inexactos o incompletos  <\/li>\n\n\n\n<li>Solicita la eliminaci\u00f3n de tus datos  <\/li>\n\n\n\n<li>Restringir u objetar a ciertos tipos de procesamiento  <\/li>\n\n\n\n<li>Retirar el consentimiento cuando el procesamiento se basa en el consentimiento  <\/li>\n\n\n\n<li>Presenta una queja ante una autoridad de protecci\u00f3n de datos  <\/li>\n<\/ul>\n\n\n\n<p>Para ejercer cualquiera de estos derechos, por favor cont\u00e1ctanos utilizando los datos a continuaci\u00f3n.<\/p>\n<\/div>\n\n<div class=\"wp-block-group has-global-padding is-layout-constrained wp-block-group-is-layout-constrained\">\n<h2 class=\"wp-block-heading\">10. C\u00f3mo contactarnos<\/h2>\n\n\n\n<p>Si tiene alguna pregunta sobre esta Pol\u00edtica de Privacidad o sobre c\u00f3mo gestionamos sus datos, por favor contacte con:  <\/p>\n\n\n\n<p><strong>Jardin de L&#8217;Amour<\/strong> <br\/>11817 Biscayne Blvd, Suite 4035 <br\/>Miami, FL 33160 <br\/>Estados Unidos  <\/p>\n\n\n\n<p>\ud83d\udcde +1 (786) 241-9014 <br\/>\ud83d\udce7 info@jardindelamour.com <br\/>(Por favor, incluye \u00abProtecci\u00f3n de datos\u00bb en el asunto)<\/p>\n<\/div>\n\n<div class=\"wp-block-group has-global-padding is-layout-constrained wp-block-group-is-layout-constrained\">\n<h2 class=\"wp-block-heading\">11. Cambios en esta pol\u00edtica<\/h2>\n\n\n\n<p>Podemos actualizar esta Pol\u00edtica de Privacidad de vez en cuando para reflejar cambios en los requisitos legales o en la forma en que utilizamos los datos personales. La \u00faltima versi\u00f3n siempre estar\u00e1 publicada en nuestra p\u00e1gina web. <\/p>\n<\/div>\n","protected":false},"excerpt":{"rendered":"<p>1. Qui\u00e9nes somos Este sitio web es gestionado por Jardin de L&#8217;Amour. En este Aviso de Privacidad, \u00abnosotros\u00bb, \u00abnosotros\u00bb o \u00abnuestro\u00bb se refiere a Jardin de L&#8217;Amour. Estamos comprometidos a proteger tus datos personales y respetar tu privacidad. Esta pol\u00edtica explica qu\u00e9 datos personales recopilamos, c\u00f3mo los utilizamos y tus derechos respecto a esos datos. [&hellip;]<\/p>\n","protected":false},"author":1,"featured_media":0,"parent":0,"menu_order":0,"comment_status":"closed","ping_status":"closed","template":"no-title","meta":{"footnotes":""},"class_list":["post-1551","page","type-page","status-publish","hentry"],"aioseo_notices":[],"_hostinger_reach_plugin_has_subscription_block":false,"_hostinger_reach_plugin_is_elementor":false,"_links":{"self":[{"href":"https:\/\/jardindelamour.com\/es\/wp-json\/wp\/v2\/pages\/1551","targetHints":{"allow":["GET"]}}],"collection":[{"href":"https:\/\/jardindelamour.com\/es\/wp-json\/wp\/v2\/pages"}],"about":[{"href":"https:\/\/jardindelamour.com\/es\/wp-json\/wp\/v2\/types\/page"}],"author":[{"embeddable":true,"href":"https:\/\/jardindelamour.com\/es\/wp-json\/wp\/v2\/users\/1"}],"replies":[{"embeddable":true,"href":"https:\/\/jardindelamour.com\/es\/wp-json\/wp\/v2\/comments?post=1551"}],"version-history":[{"count":1,"href":"https:\/\/jardindelamour.com\/es\/wp-json\/wp\/v2\/pages\/1551\/revisions"}],"predecessor-version":[{"id":1552,"href":"https:\/\/jardindelamour.com\/es\/wp-json\/wp\/v2\/pages\/1551\/revisions\/1552"}],"wp:attachment":[{"href":"https:\/\/jardindelamour.com\/es\/wp-json\/wp\/v2\/media?parent=1551"}],"curies":[{"name":"wp","href":"https:\/\/api.w.org\/{rel}","templated":true}]}}